{"id":36,"date":"2019-09-20T22:27:34","date_gmt":"2019-09-20T20:27:34","guid":{"rendered":"http:\/\/localhost\/veterinexpo\/?page_id=36"},"modified":"2026-04-11T16:47:10","modified_gmt":"2026-04-11T14:47:10","slug":"la-commission-veterinexpo","status":"publish","type":"page","link":"https:\/\/www.veterinexpo.be\/en\/la-commission-veterinexpo\/","title":{"rendered":"The Veterinexpo Commission"},"content":{"rendered":"","protected":false},"excerpt":{"rendered":"","protected":false},"author":2,"featured_media":0,"parent":0,"menu_order":1,"comment_status":"closed","ping_status":"closed","template":"page-template-team.php","meta":{"_acf_changed":false,"footnotes":""},"class_list":["post-36","page","type-page","status-publish","hentry"],"acf":[],"yoast_head":"<!-- This site is optimized with the Yoast SEO plugin v22.0 - https:\/\/yoast.com\/wordpress\/plugins\/seo\/ -->\n<title>La Commission V\u00e9t\u00e9rinexpo - V\u00e9t\u00e9rinexpo<\/title>\n<meta name=\"description\" content=\"V\u00e9t\u00e9rinexpo\" \/>\n<meta name=\"robots\" content=\"index, follow, max-snippet:-1, max-image-preview:large, max-video-preview:-1\" \/>\n<link rel=\"canonical\" href=\"https:\/\/www.veterinexpo.be\/en\/la-commission-veterinexpo\/\" \/>\n<meta name=\"twitter:label1\" content=\"Est. reading time\" \/>\n\t<meta name=\"twitter:data1\" content=\"3 minutes\" \/>\n<script type=\"application\/ld+json\" class=\"yoast-schema-graph\">{\"@context\":\"https:\/\/schema.org\",\"@graph\":[{\"@type\":\"WebPage\",\"@id\":\"https:\/\/www.veterinexpo.be\/la-commission-veterinexpo\/\",\"url\":\"https:\/\/www.veterinexpo.be\/la-commission-veterinexpo\/\",\"name\":\"La Commission V\u00e9t\u00e9rinexpo - V\u00e9t\u00e9rinexpo\",\"isPartOf\":{\"@id\":\"https:\/\/www.veterinexpo.be\/#website\"},\"datePublished\":\"2019-09-20T20:27:34+00:00\",\"dateModified\":\"2026-04-11T14:47:10+00:00\",\"description\":\"V\u00e9t\u00e9rinexpo\",\"breadcrumb\":{\"@id\":\"https:\/\/www.veterinexpo.be\/la-commission-veterinexpo\/#breadcrumb\"},\"inLanguage\":\"en-US\",\"potentialAction\":[{\"@type\":\"ReadAction\",\"target\":[\"https:\/\/www.veterinexpo.be\/la-commission-veterinexpo\/\"]}]},{\"@type\":\"BreadcrumbList\",\"@id\":\"https:\/\/www.veterinexpo.be\/la-commission-veterinexpo\/#breadcrumb\",\"itemListElement\":[{\"@type\":\"ListItem\",\"position\":1,\"name\":\"Accueil\",\"item\":\"https:\/\/www.veterinexpo.be\/\"},{\"@type\":\"ListItem\",\"position\":2,\"name\":\"La Commission V\u00e9t\u00e9rinexpo\"}]},{\"@type\":\"WebSite\",\"@id\":\"https:\/\/www.veterinexpo.be\/#website\",\"url\":\"https:\/\/www.veterinexpo.be\/\",\"name\":\"V\u00e9t\u00e9rinexpo\",\"description\":\"Le plus grand salon V\u00e9t\u00e9rinaire de Wallonie\",\"potentialAction\":[{\"@type\":\"SearchAction\",\"target\":{\"@type\":\"EntryPoint\",\"urlTemplate\":\"https:\/\/www.veterinexpo.be\/?s={search_term_string}\"},\"query-input\":\"required name=search_term_string\"}],\"inLanguage\":\"en-US\"}]}<\/script>\n<!-- \/ Yoast SEO plugin. -->","yoast_head_json":{"title":"La Commission V\u00e9t\u00e9rinexpo - V\u00e9t\u00e9rinexpo","description":"Veterinexpo","robots":{"index":"index","follow":"follow","max-snippet":"max-snippet:-1","max-image-preview":"max-image-preview:large","max-video-preview":"max-video-preview:-1"},"canonical":"https:\/\/www.veterinexpo.be\/en\/la-commission-veterinexpo\/","twitter_misc":{"Est. reading time":"3 minutes"},"schema":{"@context":"https:\/\/schema.org","@graph":[{"@type":"WebPage","@id":"https:\/\/www.veterinexpo.be\/la-commission-veterinexpo\/","url":"https:\/\/www.veterinexpo.be\/la-commission-veterinexpo\/","name":"La Commission V\u00e9t\u00e9rinexpo - V\u00e9t\u00e9rinexpo","isPartOf":{"@id":"https:\/\/www.veterinexpo.be\/#website"},"datePublished":"2019-09-20T20:27:34+00:00","dateModified":"2026-04-11T14:47:10+00:00","description":"Veterinexpo","breadcrumb":{"@id":"https:\/\/www.veterinexpo.be\/la-commission-veterinexpo\/#breadcrumb"},"inLanguage":"en-US","potentialAction":[{"@type":"ReadAction","target":["https:\/\/www.veterinexpo.be\/la-commission-veterinexpo\/"]}]},{"@type":"BreadcrumbList","@id":"https:\/\/www.veterinexpo.be\/la-commission-veterinexpo\/#breadcrumb","itemListElement":[{"@type":"ListItem","position":1,"name":"Accueil","item":"https:\/\/www.veterinexpo.be\/"},{"@type":"ListItem","position":2,"name":"La Commission V\u00e9t\u00e9rinexpo"}]},{"@type":"WebSite","@id":"https:\/\/www.veterinexpo.be\/#website","url":"https:\/\/www.veterinexpo.be\/","name":"Veterinexpo","description":"Le plus grand salon V\u00e9t\u00e9rinaire de Wallonie","potentialAction":[{"@type":"SearchAction","target":{"@type":"EntryPoint","urlTemplate":"https:\/\/www.veterinexpo.be\/?s={search_term_string}"},"query-input":"required name=search_term_string"}],"inLanguage":"en-US"}]}},"_links":{"self":[{"href":"https:\/\/www.veterinexpo.be\/en\/wp-json\/wp\/v2\/pages\/36","targetHints":{"allow":["GET"]}}],"collection":[{"href":"https:\/\/www.veterinexpo.be\/en\/wp-json\/wp\/v2\/pages"}],"about":[{"href":"https:\/\/www.veterinexpo.be\/en\/wp-json\/wp\/v2\/types\/page"}],"author":[{"embeddable":true,"href":"https:\/\/www.veterinexpo.be\/en\/wp-json\/wp\/v2\/users\/2"}],"replies":[{"embeddable":true,"href":"https:\/\/www.veterinexpo.be\/en\/wp-json\/wp\/v2\/comments?post=36"}],"version-history":[{"count":93,"href":"https:\/\/www.veterinexpo.be\/en\/wp-json\/wp\/v2\/pages\/36\/revisions"}],"predecessor-version":[{"id":16845,"href":"https:\/\/www.veterinexpo.be\/en\/wp-json\/wp\/v2\/pages\/36\/revisions\/16845"}],"wp:attachment":[{"href":"https:\/\/www.veterinexpo.be\/en\/wp-json\/wp\/v2\/media?parent=36"}],"curies":[{"name":"wp","href":"https:\/\/api.w.org\/{rel}","templated":true}]}}