{"id":75,"date":"2019-09-22T22:17:14","date_gmt":"2019-09-22T20:17:14","guid":{"rendered":"http:\/\/localhost\/veterinexpo\/?page_id=75"},"modified":"2026-04-12T16:16:57","modified_gmt":"2026-04-12T14:16:57","slug":"soiree","status":"publish","type":"page","link":"https:\/\/www.veterinexpo.be\/en\/programme\/soiree\/","title":{"rendered":"Evening"},"content":{"rendered":"","protected":false},"excerpt":{"rendered":"","protected":false},"author":1,"featured_media":0,"parent":71,"menu_order":5,"comment_status":"closed","ping_status":"closed","template":"page-template-infos.php","meta":{"_acf_changed":false,"footnotes":""},"class_list":["post-75","page","type-page","status-publish","hentry"],"acf":[],"yoast_head":"<!-- This site is optimized with the Yoast SEO plugin v22.0 - https:\/\/yoast.com\/wordpress\/plugins\/seo\/ -->\n<title>Soir\u00e9e - V\u00e9t\u00e9rinexpo<\/title>\n<meta name=\"robots\" content=\"index, follow, max-snippet:-1, max-image-preview:large, max-video-preview:-1\" \/>\n<link rel=\"canonical\" href=\"https:\/\/www.veterinexpo.be\/en\/programme\/soiree\/\" \/>\n<meta name=\"twitter:label1\" content=\"Est. reading time\" \/>\n\t<meta name=\"twitter:data1\" content=\"1 minute\" \/>\n<script type=\"application\/ld+json\" class=\"yoast-schema-graph\">{\"@context\":\"https:\/\/schema.org\",\"@graph\":[{\"@type\":\"WebPage\",\"@id\":\"https:\/\/www.veterinexpo.be\/programme\/soiree\/\",\"url\":\"https:\/\/www.veterinexpo.be\/programme\/soiree\/\",\"name\":\"Soir\u00e9e - V\u00e9t\u00e9rinexpo\",\"isPartOf\":{\"@id\":\"https:\/\/www.veterinexpo.be\/#website\"},\"datePublished\":\"2019-09-22T20:17:14+00:00\",\"dateModified\":\"2026-04-12T14:16:57+00:00\",\"breadcrumb\":{\"@id\":\"https:\/\/www.veterinexpo.be\/programme\/soiree\/#breadcrumb\"},\"inLanguage\":\"en-US\",\"potentialAction\":[{\"@type\":\"ReadAction\",\"target\":[\"https:\/\/www.veterinexpo.be\/programme\/soiree\/\"]}]},{\"@type\":\"BreadcrumbList\",\"@id\":\"https:\/\/www.veterinexpo.be\/programme\/soiree\/#breadcrumb\",\"itemListElement\":[{\"@type\":\"ListItem\",\"position\":1,\"name\":\"Accueil\",\"item\":\"https:\/\/www.veterinexpo.be\/\"},{\"@type\":\"ListItem\",\"position\":2,\"name\":\"Programme\",\"item\":\"https:\/\/www.veterinexpo.be\/programme\/\"},{\"@type\":\"ListItem\",\"position\":3,\"name\":\"Soir\u00e9e\"}]},{\"@type\":\"WebSite\",\"@id\":\"https:\/\/www.veterinexpo.be\/#website\",\"url\":\"https:\/\/www.veterinexpo.be\/\",\"name\":\"V\u00e9t\u00e9rinexpo\",\"description\":\"Le plus grand salon V\u00e9t\u00e9rinaire de Wallonie\",\"potentialAction\":[{\"@type\":\"SearchAction\",\"target\":{\"@type\":\"EntryPoint\",\"urlTemplate\":\"https:\/\/www.veterinexpo.be\/?s={search_term_string}\"},\"query-input\":\"required name=search_term_string\"}],\"inLanguage\":\"en-US\"}]}<\/script>\n<!-- \/ Yoast SEO plugin. -->","yoast_head_json":{"title":"Soir\u00e9e - V\u00e9t\u00e9rinexpo","robots":{"index":"index","follow":"follow","max-snippet":"max-snippet:-1","max-image-preview":"max-image-preview:large","max-video-preview":"max-video-preview:-1"},"canonical":"https:\/\/www.veterinexpo.be\/en\/programme\/soiree\/","twitter_misc":{"Est. reading time":"1 minute"},"schema":{"@context":"https:\/\/schema.org","@graph":[{"@type":"WebPage","@id":"https:\/\/www.veterinexpo.be\/programme\/soiree\/","url":"https:\/\/www.veterinexpo.be\/programme\/soiree\/","name":"Soir\u00e9e - V\u00e9t\u00e9rinexpo","isPartOf":{"@id":"https:\/\/www.veterinexpo.be\/#website"},"datePublished":"2019-09-22T20:17:14+00:00","dateModified":"2026-04-12T14:16:57+00:00","breadcrumb":{"@id":"https:\/\/www.veterinexpo.be\/programme\/soiree\/#breadcrumb"},"inLanguage":"en-US","potentialAction":[{"@type":"ReadAction","target":["https:\/\/www.veterinexpo.be\/programme\/soiree\/"]}]},{"@type":"BreadcrumbList","@id":"https:\/\/www.veterinexpo.be\/programme\/soiree\/#breadcrumb","itemListElement":[{"@type":"ListItem","position":1,"name":"Accueil","item":"https:\/\/www.veterinexpo.be\/"},{"@type":"ListItem","position":2,"name":"Programme","item":"https:\/\/www.veterinexpo.be\/programme\/"},{"@type":"ListItem","position":3,"name":"Soir\u00e9e"}]},{"@type":"WebSite","@id":"https:\/\/www.veterinexpo.be\/#website","url":"https:\/\/www.veterinexpo.be\/","name":"Veterinexpo","description":"Le plus grand salon V\u00e9t\u00e9rinaire de Wallonie","potentialAction":[{"@type":"SearchAction","target":{"@type":"EntryPoint","urlTemplate":"https:\/\/www.veterinexpo.be\/?s={search_term_string}"},"query-input":"required name=search_term_string"}],"inLanguage":"en-US"}]}},"_links":{"self":[{"href":"https:\/\/www.veterinexpo.be\/en\/wp-json\/wp\/v2\/pages\/75","targetHints":{"allow":["GET"]}}],"collection":[{"href":"https:\/\/www.veterinexpo.be\/en\/wp-json\/wp\/v2\/pages"}],"about":[{"href":"https:\/\/www.veterinexpo.be\/en\/wp-json\/wp\/v2\/types\/page"}],"author":[{"embeddable":true,"href":"https:\/\/www.veterinexpo.be\/en\/wp-json\/wp\/v2\/users\/1"}],"replies":[{"embeddable":true,"href":"https:\/\/www.veterinexpo.be\/en\/wp-json\/wp\/v2\/comments?post=75"}],"version-history":[{"count":25,"href":"https:\/\/www.veterinexpo.be\/en\/wp-json\/wp\/v2\/pages\/75\/revisions"}],"predecessor-version":[{"id":16895,"href":"https:\/\/www.veterinexpo.be\/en\/wp-json\/wp\/v2\/pages\/75\/revisions\/16895"}],"up":[{"embeddable":true,"href":"https:\/\/www.veterinexpo.be\/en\/wp-json\/wp\/v2\/pages\/71"}],"wp:attachment":[{"href":"https:\/\/www.veterinexpo.be\/en\/wp-json\/wp\/v2\/media?parent=75"}],"curies":[{"name":"wp","href":"https:\/\/api.w.org\/{rel}","templated":true}]}}